{"id":1699,"date":"2022-08-13T01:35:45","date_gmt":"2022-08-12T23:35:45","guid":{"rendered":"https:\/\/ntrnutricion.com.ar\/web\/?page_id=1699"},"modified":"2022-08-13T02:18:27","modified_gmt":"2022-08-13T00:18:27","slug":"politica-de-privacidad","status":"publish","type":"page","link":"https:\/\/ntrnutricion.com.ar\/web\/politica-de-privacidad\/","title":{"rendered":"Pol\u00edtica de privacidad"},"content":{"rendered":"\t\t<div data-elementor-type=\"wp-page\" data-elementor-id=\"1699\" class=\"elementor elementor-1699\" data-elementor-post-type=\"page\">\n\t\t\t\t\t\t<header class=\"elementor-section elementor-top-section elementor-element elementor-element-22ca6efc elementor-section-content-middle elementor-section-boxed elementor-section-height-default elementor-section-height-default\" data-id=\"22ca6efc\" data-element_type=\"section\" data-settings=\"{&quot;background_background&quot;:&quot;classic&quot;,&quot;sticky&quot;:&quot;top&quot;,&quot;sticky_on&quot;:[&quot;desktop&quot;,&quot;tablet&quot;,&quot;mobile&quot;],&quot;sticky_offset&quot;:0,&quot;sticky_effects_offset&quot;:0,&quot;sticky_anchor_link_offset&quot;:0}\">\n\t\t\t\t\t\t<div class=\"elementor-container elementor-column-gap-no\">\n\t\t\t\t\t<div class=\"elementor-column elementor-col-25 elementor-top-column elementor-element elementor-element-47d37711\" data-id=\"47d37711\" data-element_type=\"column\">\n\t\t\t<div class=\"elementor-widget-wrap elementor-element-populated\">\n\t\t\t\t\t\t<div class=\"elementor-element elementor-element-2e1d0d5 elementor-widget elementor-widget-image\" data-id=\"2e1d0d5\" data-element_type=\"widget\" data-widget_type=\"image.default\">\n\t\t\t\t<div class=\"elementor-widget-container\">\n\t\t\t\t\t\t\t\t\t\t\t\t\t\t\t\t<a href=\"https:\/\/ntrnutricion.com.ar\/web\/\">\n\t\t\t\t\t\t\t<img decoding=\"async\" src=\"https:\/\/ntrnutricion.com.ar\/web\/wp-content\/uploads\/2022\/06\/cropped-logo-ntr-02-negro.png\" title=\"cropped-logo-ntr-02-negro.png\" alt=\"cropped-logo-ntr-02-negro.png\" loading=\"lazy\" \/>\t\t\t\t\t\t\t\t<\/a>\n\t\t\t\t\t\t\t\t\t\t\t\t\t\t\t<\/div>\n\t\t\t\t<\/div>\n\t\t\t\t\t<\/div>\n\t\t<\/div>\n\t\t\t\t<div class=\"elementor-column elementor-col-50 elementor-top-column elementor-element elementor-element-61c322d9\" data-id=\"61c322d9\" data-element_type=\"column\">\n\t\t\t<div class=\"elementor-widget-wrap elementor-element-populated\">\n\t\t\t\t\t\t<div class=\"elementor-element elementor-element-2674dc42 elementor-nav-menu__align-end elementor-nav-menu--dropdown-mobile elementor-nav-menu--stretch elementor-nav-menu__text-align-center elementor-nav-menu--toggle elementor-nav-menu--burger elementor-widget elementor-widget-nav-menu\" data-id=\"2674dc42\" data-element_type=\"widget\" data-settings=\"{&quot;full_width&quot;:&quot;stretch&quot;,&quot;layout&quot;:&quot;horizontal&quot;,&quot;submenu_icon&quot;:{&quot;value&quot;:&quot;&lt;i class=\\&quot;fas fa-caret-down\\&quot;&gt;&lt;\\\/i&gt;&quot;,&quot;library&quot;:&quot;fa-solid&quot;},&quot;toggle&quot;:&quot;burger&quot;}\" data-widget_type=\"nav-menu.default\">\n\t\t\t\t<div class=\"elementor-widget-container\">\n\t\t\t\t\t\t\t\t<nav aria-label=\"Menu\" class=\"elementor-nav-menu--main elementor-nav-menu__container elementor-nav-menu--layout-horizontal e--pointer-underline e--animation-grow\">\n\t\t\t\t<ul id=\"menu-1-2674dc42\" class=\"elementor-nav-menu\"><li class=\"menu-item menu-item-type-custom menu-item-object-custom menu-item-1472\"><a href=\"https:\/\/ntrnutricion.com.ar\/web\/landing\/#quehacemos\" class=\"elementor-item elementor-item-anchor\">\u00bfQu\u00e9 hacemos?<\/a><\/li>\n<li class=\"menu-item menu-item-type-custom menu-item-object-custom menu-item-1476\"><a href=\"https:\/\/ntrnutricion.com.ar\/web\/landing\/#productos\" class=\"elementor-item elementor-item-anchor\">Productos<\/a><\/li>\n<\/ul>\t\t\t<\/nav>\n\t\t\t\t\t<div class=\"elementor-menu-toggle\" role=\"button\" tabindex=\"0\" aria-label=\"Menu Toggle\" aria-expanded=\"false\">\n\t\t\t<i aria-hidden=\"true\" role=\"presentation\" class=\"elementor-menu-toggle__icon--open eicon-menu-bar\"><\/i><i aria-hidden=\"true\" role=\"presentation\" class=\"elementor-menu-toggle__icon--close eicon-close\"><\/i>\t\t<\/div>\n\t\t\t\t\t<nav class=\"elementor-nav-menu--dropdown elementor-nav-menu__container\" aria-hidden=\"true\">\n\t\t\t\t<ul id=\"menu-2-2674dc42\" class=\"elementor-nav-menu\"><li class=\"menu-item menu-item-type-custom menu-item-object-custom menu-item-1472\"><a href=\"https:\/\/ntrnutricion.com.ar\/web\/landing\/#quehacemos\" class=\"elementor-item elementor-item-anchor\" tabindex=\"-1\">\u00bfQu\u00e9 hacemos?<\/a><\/li>\n<li class=\"menu-item menu-item-type-custom menu-item-object-custom menu-item-1476\"><a href=\"https:\/\/ntrnutricion.com.ar\/web\/landing\/#productos\" class=\"elementor-item elementor-item-anchor\" tabindex=\"-1\">Productos<\/a><\/li>\n<\/ul>\t\t\t<\/nav>\n\t\t\t\t\t\t<\/div>\n\t\t\t\t<\/div>\n\t\t\t\t\t<\/div>\n\t\t<\/div>\n\t\t\t\t<div class=\"elementor-column elementor-col-25 elementor-top-column elementor-element elementor-element-315cb085\" data-id=\"315cb085\" data-element_type=\"column\">\n\t\t\t<div class=\"elementor-widget-wrap elementor-element-populated\">\n\t\t\t\t\t\t<div class=\"elementor-element elementor-element-28795fb elementor-align-center elementor-tablet-align-right elementor-hidden-phone elementor-widget elementor-widget-button\" data-id=\"28795fb\" data-element_type=\"widget\" data-widget_type=\"button.default\">\n\t\t\t\t<div class=\"elementor-widget-container\">\n\t\t\t\t\t\t\t\t\t<div class=\"elementor-button-wrapper\">\n\t\t\t\t\t<a class=\"elementor-button elementor-button-link elementor-size-sm\" href=\"https:\/\/ntrnutricion.com.ar\/web\/landing\/#form\">\n\t\t\t\t\t\t<span class=\"elementor-button-content-wrapper\">\n\t\t\t\t\t\t\t\t\t<span class=\"elementor-button-text\">Quiero contactarme<\/span>\n\t\t\t\t\t<\/span>\n\t\t\t\t\t<\/a>\n\t\t\t\t<\/div>\n\t\t\t\t\t\t\t\t<\/div>\n\t\t\t\t<\/div>\n\t\t\t\t\t<\/div>\n\t\t<\/div>\n\t\t\t\t\t<\/div>\n\t\t<\/header>\n\t\t\t\t<section class=\"elementor-section elementor-top-section elementor-element elementor-element-7fdc378 elementor-section-boxed elementor-section-height-default elementor-section-height-default\" data-id=\"7fdc378\" data-element_type=\"section\">\n\t\t\t\t\t\t<div class=\"elementor-container elementor-column-gap-default\">\n\t\t\t\t\t<div class=\"elementor-column elementor-col-100 elementor-top-column elementor-element elementor-element-c169f0a\" data-id=\"c169f0a\" data-element_type=\"column\">\n\t\t\t<div class=\"elementor-widget-wrap elementor-element-populated\">\n\t\t\t\t\t\t<div class=\"elementor-element elementor-element-f8ca711 elementor-widget elementor-widget-heading\" data-id=\"f8ca711\" data-element_type=\"widget\" data-widget_type=\"heading.default\">\n\t\t\t\t<div class=\"elementor-widget-container\">\n\t\t\t\t\t<h2 class=\"elementor-heading-title elementor-size-default\">Pol\u00edtica de privacidad<\/h2>\t\t\t\t<\/div>\n\t\t\t\t<\/div>\n\t\t\t\t\t<\/div>\n\t\t<\/div>\n\t\t\t\t\t<\/div>\n\t\t<\/section>\n\t\t\t\t<section class=\"elementor-section elementor-top-section elementor-element elementor-element-5922925 elementor-section-boxed elementor-section-height-default elementor-section-height-default\" data-id=\"5922925\" data-element_type=\"section\">\n\t\t\t\t\t\t<div class=\"elementor-container elementor-column-gap-default\">\n\t\t\t\t\t<div class=\"elementor-column elementor-col-100 elementor-top-column elementor-element elementor-element-a6d7c55\" data-id=\"a6d7c55\" data-element_type=\"column\">\n\t\t\t<div class=\"elementor-widget-wrap elementor-element-populated\">\n\t\t\t\t\t\t<div class=\"elementor-element elementor-element-61e9386 elementor-widget elementor-widget-text-editor\" data-id=\"61e9386\" data-element_type=\"widget\" data-widget_type=\"text-editor.default\">\n\t\t\t\t<div class=\"elementor-widget-container\">\n\t\t\t\t\t\t\t\t\t<p><span style=\"color: #000000;\">La presente pol\u00edtica de privacidad se aplica exclusivamente a la informaci\u00f3n ofrecida a Laboratorio Nutricional Argentino SA mediante su p\u00e1gina web.<\/span><\/p><p><span style=\"color: #000000;\">Al suministrar informaci\u00f3n, el usuario asiste a Laboratorio Nutricional Argentino SA en el constante proceso de mejora de los servicios disponibles y en el desarrollo de nuevos productos, siempre tendiendo a que el uso de ellos se torne m\u00e1s sencillo y \u00e1gil para el usuario. En ning\u00fan caso se recolectar\u00e1n datos sensibles.<\/span><\/p><p>\u00a0<\/p><p><span style=\"color: #000000;\"><strong>Alcance<\/strong><\/span><\/p><p><span style=\"color: #000000;\">Laboratorio Nutricional Argentino SA utiliza tecnolog\u00eda incorporada en su sitio web que le permite recopilar informaci\u00f3n con fines estad\u00edsticos, entre ellos: Cookies: es posible utilizar diferentes tecnolog\u00edas para recoger y almacenar datos cuando el usuario accede a un servicio prestado por Laboratorio Nutricional Argentino SA, incluyendo el env\u00edo de una o varias cookies o de identificadores an\u00f3nimos a tu dispositivo. Un cookie es un peque\u00f1o archivo de datos que algunos Sitios Web almacenan cuando usted los visita. Puede contener informaci\u00f3n tal como la identificaci\u00f3n del usuario que el sitio utiliza para rastrear las p\u00e1ginas que usted ha visitado. Pero la \u00fanica informaci\u00f3n personal que un cookie puede contener es informaci\u00f3n que usted mismo suministra. Un cookie no puede leer datos de su disco duro ni leer los archivos cookie creados por otros sitios. Si bien la p\u00e1gina web de Laboratorio Nutricional Argentino SA cuenta con un sistema de protecci\u00f3n tecnol\u00f3gico que va desde sus servidores hasta la salida a internet, ninguna transmisi\u00f3n por internet puede garantizar su seguridad en un 100%. Por lo tanto, Laboratorio Nutricional Argentino SA no puede garantizar que la informaci\u00f3n ingresada en su sitio web o transmitida utilizando un servicio sea completamente segura, con lo cual el usuario comprende que utiliza el sitio a su propio riesgo. Si el usuario utiliza la p\u00e1gina web de Laboratorio Nutricional Argentino SA y lo servicios ofrecidos a trav\u00e9s del mismo, significa que ha le\u00eddo, comprendido y acordado con los t\u00e9rminos antes expuestos. Si no est\u00e1 de acuerdo con ellos, tiene la opci\u00f3n de no utilizar el sitio. Google Analytics: recolectamos informaci\u00f3n estad\u00edstica an\u00f3nima para la evaluaci\u00f3n y mejora del servicio a trav\u00e9s de un servicio prestado por Google Analytics. Se utilizan cookies para guardar parte de esta informaci\u00f3n en el dispositivo del Usuario. Los T\u00e9rminos de Uso de Google Analytics est\u00e1n disponibles en http:\/\/www.google.com\/analytics\/terms\/us.html. Google AdWords: recolectamos informaci\u00f3n estad\u00edstica an\u00f3nima para la evaluaci\u00f3n y mejora del servicio a trav\u00e9s de un servicio prestado por Google Analytics. Se utilizan cookies para guardar parte de esta informaci\u00f3n en el dispositivo del Usuario. Los T\u00e9rminos de Uso de AdWords est\u00e1n disponibles en https:\/\/policies.google.com\/privacy Facebook: Facebook podr\u00e1 proporcionar a Laboratorio Nutricional Argentino SA informaci\u00f3n sobre el usuario seg\u00fan lo definido en la Pol\u00edtica de Privacidad de Facebook.<\/span><\/p><p><span style=\"color: #000000;\">Laboratorio Nutricional Argentino SA cumple con la Pol\u00edtica de Privacidad definida por Facebook, a la que se puede acceder a trav\u00e9s del siguiente enlace: https:\/\/www.facebook.com\/about\/privacy\/ Registro de datos.<\/span><\/p><p><span style=\"color: #000000;\">La informaci\u00f3n personal del usuario que opta por dejar sus datos en el sistema puede contener campos obligatorios, a saber:<\/span><\/p><p><span style=\"color: #000000;\">*Nombres<\/span><\/p><p><span style=\"color: #000000;\">*Apellidos<\/span><\/p><p><span style=\"color: #000000;\">*Direcci\u00f3n de e-mail<\/span><\/p><p><span style=\"color: #000000;\">*Tel\u00e9fono<\/span><\/p><p><span style=\"color: #000000;\">*Comentarios<\/span><\/p><p><span style=\"color: #000000;\">Campos no obligatorios:<\/span><\/p><p><span style=\"color: #000000;\">*Direcci\u00f3n postal<\/span><\/p><p>\u00a0<\/p><p><span style=\"color: #000000;\"><strong>Datos personales<\/strong><\/span><\/p><p><span style=\"color: #000000;\">Una vez iniciada la recolecci\u00f3n de datos personales, el usuario podr\u00e1 descargar su informaci\u00f3n personal a trav\u00e9s de una opci\u00f3n en la configuraci\u00f3n del sistema. El usuario podr\u00e1 solicitar la modificaci\u00f3n de los datos personales provistos, pudiendo acceder en forma gratuita, en intervalos no inferiores a seis meses, a la Base de Datos habilitada a los efectos de la recolecci\u00f3n, la cual ser\u00e1 debidamente inscripta de acuerdo a lo t\u00e9rminos de la Ley 25326 de Protecci\u00f3n de Datos Personales y sus normas complementarias. Datos recolectados.<\/span><\/p><p><span style=\"color: #000000;\">Los datos recolectados podr\u00e1n ser utilizados para:<\/span><\/p><p><span style=\"color: #000000;\">Optimizar los servicios brindados por Laboratorio Nutricional Argentino SA.<\/span><\/p><p><span style=\"color: #000000;\">Compararlos con los registros de los servicios Laboratorio Nutricional Argentino SA para ofrecer informaciones relevantes al usuario.<\/span><\/p><p><span style=\"color: #000000;\">Personalizar el contenido visto por el usuario.<\/span><\/p><p><span style=\"color: #000000;\">Obtener m\u00e9tricas de uso y niveles de servicio de Laboratorio Nutricional Argentino SA.<\/span><\/p><p>\u00a0<\/p><p><span style=\"color: #000000;\"><strong>Modificaciones<\/strong><\/span><\/p><p>\u00a0<\/p><p><span style=\"color: #000000;\">Laboratorio Nutricional Argentino SA se reserva el derecho de modificar en cualquier momento la presente Pol\u00edtica de Privacidad, comprometi\u00e9ndose a anunciarlo por medio de un aviso en el activo digital que corresponda. Responsabilidad.<\/span><\/p><p><span style=\"color: #000000;\">En ning\u00fan caso Laboratorio Nutricional Argentino SA ser\u00e1 responsable de da\u00f1o y perjuicio alguno incluyendo, sin l\u00edmite, da\u00f1os, p\u00e9rdidas o gastos directos, indirectos, inherentes o consecuentes, que surjan en relaci\u00f3n con el uso de los Servicios Digitales o la imposibilidad de uso, en relaci\u00f3n con cualquier falla en el vencimiento, error, omisi\u00f3n, interrupci\u00f3n, defecto, demora en la operaci\u00f3n o transmisi\u00f3n, virus de computadora o falla del sistema de l\u00ednea, a\u00fan en el caso de que Laboratorio Nutricional Argentino SA o sus representantes fueran informados sobre la posibilidad de dichos da\u00f1os, p\u00e9rdidas o gastos.<\/span><\/p><p><span style=\"color: #000000;\">Laboratorio Nutricional Argentino SA no controla ni garantiza la ausencia de virus ni de otros elementos en los contenidos que puedan producir alteraciones en su sistema inform\u00e1tico (software y hardware) o en los documentos electr\u00f3nicos y ficheros almacenados en su sistema inform\u00e1tico. Laboratorio Nutricional Argentino SA no controla ni es responsable por accionar de otros sitios web y otros productos y servicios a los cuales se puede acceder por medio de los activos digitales, por lo que recomendamos la lectura de la Pol\u00edtica de Privacidad de cada uno de ellos. Excepciones.<\/span><\/p><p>\u00a0<\/p><p><span style=\"color: #000000;\">Laboratorio Nutricional Argentino SA podr\u00e1 divulgar cierta informaci\u00f3n privada cuando creamos de buena fe, que esa divulgaci\u00f3n es razonablemente necesaria para:<\/span><\/p><p>\u00a0<\/p><ol><li><span style=\"color: #000000;\">a) cumplir una exigencia legal, tal como una orden de allanamiento, una citaci\u00f3n judicial, una orden judicial;<\/span><\/li><li><span style=\"color: #000000;\">b) cumplir un requerimiento de una autoridad gubernamental o reguladora;<\/span><\/li><li><span style=\"color: #000000;\">c) proteger los derechos, propiedad o seguridad de Laboratorio Nutricional Argentino SA. Dudas y consultas sobre las pol\u00edticas descriptas comunicarse al siguiente mail: hola@ntrnutricion.com.ar<\/span><\/li><\/ol>\t\t\t\t\t\t\t\t<\/div>\n\t\t\t\t<\/div>\n\t\t\t\t\t<\/div>\n\t\t<\/div>\n\t\t\t\t\t<\/div>\n\t\t<\/section>\n\t\t\t\t<section class=\"elementor-section elementor-top-section elementor-element elementor-element-a7a4d5e elementor-section-boxed elementor-section-height-default elementor-section-height-default\" data-id=\"a7a4d5e\" data-element_type=\"section\">\n\t\t\t\t\t\t<div class=\"elementor-container elementor-column-gap-default\">\n\t\t\t\t\t<div class=\"elementor-column elementor-col-50 elementor-top-column elementor-element elementor-element-1f0e66b\" data-id=\"1f0e66b\" data-element_type=\"column\" data-settings=\"{&quot;background_background&quot;:&quot;classic&quot;}\">\n\t\t\t<div class=\"elementor-widget-wrap elementor-element-populated\">\n\t\t\t\t\t\t<section class=\"elementor-section elementor-inner-section elementor-element elementor-element-4519ee0 elementor-section-boxed elementor-section-height-default elementor-section-height-default\" data-id=\"4519ee0\" data-element_type=\"section\">\n\t\t\t\t\t\t<div class=\"elementor-container elementor-column-gap-default\">\n\t\t\t\t\t<div class=\"elementor-column elementor-col-100 elementor-inner-column elementor-element elementor-element-5069dc9\" data-id=\"5069dc9\" data-element_type=\"column\" data-settings=\"{&quot;background_background&quot;:&quot;classic&quot;}\">\n\t\t\t<div class=\"elementor-widget-wrap elementor-element-populated\">\n\t\t\t\t\t\t<div class=\"elementor-element elementor-element-f748586 elementor-widget elementor-widget-image\" data-id=\"f748586\" data-element_type=\"widget\" data-widget_type=\"image.default\">\n\t\t\t\t<div class=\"elementor-widget-container\">\n\t\t\t\t\t\t\t\t\t\t\t\t\t\t\t<img decoding=\"async\" src=\"https:\/\/ntrnutricion.com.ar\/web\/wp-content\/uploads\/2022\/06\/logo-ntr-02.png\" title=\"logo ntr-02\" alt=\"logo ntr-02\" loading=\"lazy\" \/>\t\t\t\t\t\t\t\t\t\t\t\t\t\t\t<\/div>\n\t\t\t\t<\/div>\n\t\t\t\t<div class=\"elementor-element elementor-element-fc674d2 elementor-widget elementor-widget-text-editor\" data-id=\"fc674d2\" data-element_type=\"widget\" data-widget_type=\"text-editor.default\">\n\t\t\t\t<div class=\"elementor-widget-container\">\n\t\t\t\t\t\t\t\t\t<p><span style=\"white-space: pre-wrap;\"><b>\u00a9 2022 NTR Soporte nutricional domiciliario<br \/>Todos los derechos reservados<\/b><\/span><\/p><p><b><span style=\"white-space: pre-wrap;\">NTR es una marca de Laboratorio Nutricional Argentino S.A.<\/span><\/b><span style=\"white-space: pre-wrap;\"><br \/><\/span><\/p>\t\t\t\t\t\t\t\t<\/div>\n\t\t\t\t<\/div>\n\t\t\t\t\t<\/div>\n\t\t<\/div>\n\t\t\t\t\t<\/div>\n\t\t<\/section>\n\t\t\t\t\t<\/div>\n\t\t<\/div>\n\t\t\t\t<div class=\"elementor-column elementor-col-50 elementor-top-column elementor-element elementor-element-2841b83\" data-id=\"2841b83\" data-element_type=\"column\" data-settings=\"{&quot;background_background&quot;:&quot;classic&quot;}\">\n\t\t\t<div class=\"elementor-widget-wrap elementor-element-populated\">\n\t\t\t\t\t\t<section class=\"elementor-section elementor-inner-section elementor-element elementor-element-4ee6f46 elementor-section-boxed elementor-section-height-default elementor-section-height-default\" data-id=\"4ee6f46\" data-element_type=\"section\">\n\t\t\t\t\t\t<div class=\"elementor-container elementor-column-gap-default\">\n\t\t\t\t\t<div class=\"elementor-column elementor-col-33 elementor-inner-column elementor-element elementor-element-8f411c6\" data-id=\"8f411c6\" data-element_type=\"column\">\n\t\t\t<div class=\"elementor-widget-wrap\">\n\t\t\t\t\t\t\t<\/div>\n\t\t<\/div>\n\t\t\t\t<div class=\"elementor-column elementor-col-33 elementor-inner-column elementor-element elementor-element-849c31d\" data-id=\"849c31d\" data-element_type=\"column\">\n\t\t\t<div class=\"elementor-widget-wrap\">\n\t\t\t\t\t\t\t<\/div>\n\t\t<\/div>\n\t\t\t\t<div class=\"elementor-column elementor-col-33 elementor-inner-column elementor-element elementor-element-350c75f\" data-id=\"350c75f\" data-element_type=\"column\">\n\t\t\t<div class=\"elementor-widget-wrap\">\n\t\t\t\t\t\t\t<\/div>\n\t\t<\/div>\n\t\t\t\t\t<\/div>\n\t\t<\/section>\n\t\t\t\t<div class=\"elementor-element elementor-element-69ec741 elementor-widget elementor-widget-text-editor\" data-id=\"69ec741\" data-element_type=\"widget\" data-widget_type=\"text-editor.default\">\n\t\t\t\t<div class=\"elementor-widget-container\">\n\t\t\t\t\t\t\t\t\t<p><span style=\"white-space: pre-wrap;\"><b>WhatsApp<br \/>(011) 3918-9171 <br \/><\/b><\/span><b style=\"font-style: inherit; letter-spacing: 0.1px; word-spacing: 0.1em; white-space: pre-wrap;\">(011) 5793-2110 <\/b><\/p><p><span style=\"font-weight: bold; letter-spacing: 0.1px; white-space: pre-wrap; word-spacing: 1.4px;\">Horario de Atenci\u00f3n Administrativa: <\/span><span style=\"font-weight: bold; letter-spacing: 0.1px; white-space: pre-wrap; word-spacing: 1.4px;\"><br \/><\/span><span style=\"font-weight: bold; letter-spacing: 0.1px; white-space: pre-wrap; word-spacing: 1.4px;\">Lunes a Viernes de 9 a 16 hs<\/span><\/p><p><a href=\"mailto:hola@ntrnutricion.com.ar\"><span style=\"white-space: pre-wrap; color: white;\"><b>hola@ntrnutricion.com.ar<\/b><\/span><\/a><\/p>\t\t\t\t\t\t\t\t<\/div>\n\t\t\t\t<\/div>\n\t\t\t\t\t<\/div>\n\t\t<\/div>\n\t\t\t\t\t<\/div>\n\t\t<\/section>\n\t\t\t\t<\/div>\n\t\t","protected":false},"excerpt":{"rendered":"<p>Quiero contactarme Pol\u00edtica de privacidad La presente pol\u00edtica de privacidad se aplica exclusivamente a la informaci\u00f3n ofrecida a Laboratorio Nutricional Argentino SA mediante su p\u00e1gina web. Al suministrar informaci\u00f3n, el usuario asiste a Laboratorio Nutricional Argentino SA en el constante proceso de mejora de los servicios disponibles y en el desarrollo de nuevos productos, siempre [&hellip;]<\/p>\n","protected":false},"author":1,"featured_media":0,"parent":0,"menu_order":1,"comment_status":"closed","ping_status":"closed","template":"elementor_canvas","meta":{"_exactmetrics_skip_tracking":false,"_exactmetrics_sitenote_active":false,"_exactmetrics_sitenote_note":"","_exactmetrics_sitenote_category":0,"_joinchat":[],"footnotes":""},"class_list":["post-1699","page","type-page","status-publish","hentry"],"_links":{"self":[{"href":"https:\/\/ntrnutricion.com.ar\/web\/wp-json\/wp\/v2\/pages\/1699","targetHints":{"allow":["GET"]}}],"collection":[{"href":"https:\/\/ntrnutricion.com.ar\/web\/wp-json\/wp\/v2\/pages"}],"about":[{"href":"https:\/\/ntrnutricion.com.ar\/web\/wp-json\/wp\/v2\/types\/page"}],"author":[{"embeddable":true,"href":"https:\/\/ntrnutricion.com.ar\/web\/wp-json\/wp\/v2\/users\/1"}],"replies":[{"embeddable":true,"href":"https:\/\/ntrnutricion.com.ar\/web\/wp-json\/wp\/v2\/comments?post=1699"}],"version-history":[{"count":7,"href":"https:\/\/ntrnutricion.com.ar\/web\/wp-json\/wp\/v2\/pages\/1699\/revisions"}],"predecessor-version":[{"id":1711,"href":"https:\/\/ntrnutricion.com.ar\/web\/wp-json\/wp\/v2\/pages\/1699\/revisions\/1711"}],"wp:attachment":[{"href":"https:\/\/ntrnutricion.com.ar\/web\/wp-json\/wp\/v2\/media?parent=1699"}],"curies":[{"name":"wp","href":"https:\/\/api.w.org\/{rel}","templated":true}]}}